{"id":14120,"date":"2024-02-02T20:58:27","date_gmt":"2024-02-02T20:58:27","guid":{"rendered":"https:\/\/smartbrands.com.pe\/webinar\/?page_id=14120"},"modified":"2024-02-06T16:43:55","modified_gmt":"2024-02-06T16:43:55","slug":"conversatorio-se-viene-el-fin-de-la-publicidad-tradicional","status":"publish","type":"page","link":"https:\/\/smartbrands.com.pe\/webinar\/conversatorio-se-viene-el-fin-de-la-publicidad-tradicional\/","title":{"rendered":"Conversatorio: \u00bfSe viene el fin de la publicidad tradicional?"},"content":{"rendered":"\t\t<div data-elementor-type=\"wp-page\" data-elementor-id=\"14120\" class=\"elementor elementor-14120\" data-elementor-post-type=\"page\">\n\t\t\t\t\t\t\t\t\t<section data-pafe-particles=\"e16a9b6\" data-pafe-particles-options=\"{&quot;quantity&quot;:50,&quot;particles_color&quot;:&quot;#FFFFFF&quot;,&quot;linked_color&quot;:&quot;#FFFFFF&quot;,&quot;hover_effect&quot;:&quot;&quot;,&quot;click_effect&quot;:&quot;&quot;,&quot;particles_shape&quot;:&quot;circle&quot;,&quot;particles_size&quot;:1.8000000000000000444089209850062616169452667236328125,&quot;particles_speed&quot;:3,&quot;particles_image&quot;:&quot;https:\\\/\\\/smartbrands.com.pe\\\/webinar\\\/wp-content\\\/plugins\\\/elementor\\\/assets\\\/images\\\/placeholder.png&quot;,&quot;particles_opacity&quot;:{&quot;unit&quot;:&quot;px&quot;,&quot;size&quot;:0.330000000000000015543122344752191565930843353271484375,&quot;sizes&quot;:[]},&quot;linked_opacity&quot;:0.299999999999999988897769753748434595763683319091796875}\" class=\"elementor-section elementor-top-section elementor-element elementor-element-e16a9b6 elementor-section-stretched elementor-section-boxed elementor-section-height-default elementor-section-height-default\" data-id=\"e16a9b6\" data-element_type=\"section\" data-settings=\"{&quot;stretch_section&quot;:&quot;section-stretched&quot;}\">\n\t\t\t\t\t\t\t<div class=\"elementor-background-overlay\"><\/div>\n\t\t\t\t\t\t\t<div class=\"elementor-container elementor-column-gap-default\">\n\t\t\t\t\t<div class=\"elementor-column elementor-col-50 elementor-top-column elementor-element elementor-element-036d3e9\" data-id=\"036d3e9\" data-element_type=\"column\">\n\t\t\t<div class=\"elementor-widget-wrap elementor-element-populated\">\n\t\t\t\t\t\t\t\t<div class=\"elementor-element elementor-element-8906069 elementor-widget elementor-widget-image\" data-id=\"8906069\" data-element_type=\"widget\" data-widget_type=\"image.default\">\n\t\t\t\t<div class=\"elementor-widget-container\">\n\t\t\t<style>\/*! elementor - v3.15.0 - 02-08-2023 *\/\n.elementor-widget-image{text-align:center}.elementor-widget-image a{display:inline-block}.elementor-widget-image a img[src$=\".svg\"]{width:48px}.elementor-widget-image img{vertical-align:middle;display:inline-block}<\/style>\t\t\t\t\t\t\t\t\t\t\t\t<img loading=\"lazy\" decoding=\"async\" width=\"300\" height=\"41\" src=\"https:\/\/smartbrands.com.pe\/webinar\/wp-content\/uploads\/2024\/02\/image-7-300x41.png\" class=\"attachment-medium size-medium wp-image-14125\" alt=\"\" srcset=\"https:\/\/smartbrands.com.pe\/webinar\/wp-content\/uploads\/2024\/02\/image-7-300x41.png 300w, https:\/\/smartbrands.com.pe\/webinar\/wp-content\/uploads\/2024\/02\/image-7.png 540w\" sizes=\"auto, (max-width: 300px) 100vw, 300px\" \/>\t\t\t\t\t\t\t\t\t\t\t\t\t\t\t<\/div>\n\t\t\t\t<\/div>\n\t\t\t\t<div class=\"elementor-element elementor-element-41445bb elementor-widget elementor-widget-pix-sliding-text\" data-id=\"41445bb\" data-element_type=\"widget\" data-widget_type=\"pix-sliding-text.default\">\n\t\t\t\t<div class=\"elementor-widget-container\">\n\t\t\t<div id=\"sliding-text-175519719\" class=\"mb-3 text-left \"><h2 class=\"mb-32 pix-sliding-headline-2 animate-in font-weight-bold secondary-font \" data-anim-type=\"pix-sliding-text\" pix-anim-delay=\"500\" data-class=\"secondary-font text-white\" style=\"\"><span class=\"slide-in-container \"><span class=\"pix-sliding-item secondary-font text-white\" style=\"transition-delay: 0ms;\">\u00bfSe&#32;<\/span><\/span> <span class=\"slide-in-container \"><span class=\"pix-sliding-item secondary-font text-white\" style=\"transition-delay: 150ms;\">viene&#32;<\/span><\/span> <span class=\"slide-in-container \"><span class=\"pix-sliding-item secondary-font text-white\" style=\"transition-delay: 300ms;\">el&#32;<\/span><\/span> <span class=\"slide-in-container \"><span class=\"pix-sliding-item secondary-font text-white\" style=\"transition-delay: 450ms;\">fin&#32;<\/span><\/span> <span class=\"slide-in-container \"><span class=\"pix-sliding-item secondary-font text-white\" style=\"transition-delay: 600ms;\">de&#32;<\/span><\/span> <span class=\"slide-in-container \"><span class=\"pix-sliding-item secondary-font text-white\" style=\"transition-delay: 750ms;\">la&#32;<\/span><\/span> <span class=\"slide-in-container \"><span class=\"pix-sliding-item secondary-font text-white\" style=\"transition-delay: 900ms;\">publicidad&#32;<\/span><\/span> <span class=\"slide-in-container \"><span class=\"pix-sliding-item secondary-font text-white\" style=\"transition-delay: 1050ms;\">tradicional?&#32;<\/span><\/span> <\/h2><\/div>\t\t<\/div>\n\t\t\t\t<\/div>\n\t\t\t\t<div class=\"elementor-element elementor-element-e0b74b1 elementor-invisible elementor-widget elementor-widget-pix-text\" data-id=\"e0b74b1\" data-element_type=\"widget\" data-widget_type=\"pix-text.default\">\n\t\t\t\t<div class=\"elementor-widget-container\">\n\t\t\t<div class=\"pix-el-text w-100 text-left \" ><div class=\"d-inline-block\" style=\"max-width:600px;\"><p class=\"  text-white text-left font-weight-bold\" ><span class=\"text-white animate-in d-inline-block\" data-anim-delay=\"500\" data-anim-type=\"fade-in-up\">\u00danete a nosotros en un conversatorio donde exploraremos el futuro de la publicidad tradicional en un mundo cada vez m\u00e1s digitalizado. Abordaremos temas cruciales y de contexto actual para entender los cambios en el panorama publicitario en un entorno multicanal.<\/span><\/p><\/div><\/div>\t\t<\/div>\n\t\t\t\t<\/div>\n\t\t\t\t<section class=\"elementor-section elementor-inner-section elementor-element elementor-element-c43116a elementor-section-boxed elementor-section-height-default elementor-section-height-default\" data-id=\"c43116a\" data-element_type=\"section\">\n\t\t\t\t\t\t<div class=\"elementor-container elementor-column-gap-default\">\n\t\t\t\t\t<div class=\"elementor-column elementor-col-50 elementor-inner-column elementor-element elementor-element-99c8544\" data-id=\"99c8544\" data-element_type=\"column\">\n\t\t\t<div class=\"elementor-widget-wrap elementor-element-populated\">\n\t\t\t\t\t\t\t\t<div class=\"elementor-element elementor-element-b7e7796 elementor-invisible elementor-widget elementor-widget-pix-feature\" data-id=\"b7e7796\" data-element_type=\"widget\" data-widget_type=\"pix-feature.default\">\n\t\t\t\t<div class=\"elementor-widget-container\">\n\t\t\t<div id=\"duo-icon-79251432\" class=\"media \"><div class=\"feature_img  mr-3 animate-in\" data-anim-type=\"fade-in-up\" data-anim-delay=\"200\" style=\"width:48px;height:auto;display:inline-block;position:relative;\"><img decoding=\"async\" style=\"width:48px;height:48px;\" class=\"img-fluid2 pix-fit-cover rounded-circle\" src=\"https:\/\/smartbrands.com.pe\/webinar\/wp-content\/uploads\/2023\/04\/time-and-calendar.png\" alt=\"07:00 p.m <br>Martes 20 de Febrero 2024\"><\/div><div class=\"media-body text-left\"><h6 class=\"font-weight-bold   text-white animate-in \" style=\"padding-top:0px;\" data-anim-type=\"fade-in-up\" data-anim-delay=\"300\">07:00 p.m <br>Martes 20 de Febrero 2024<\/h6><div class=\"text-body-default text-xs     animate-in\" style=\"padding-top:10px;\" data-anim-type=\"fade-in-up\" data-anim-delay=\"400\"><\/div><\/div><\/div>\t\t<\/div>\n\t\t\t\t<\/div>\n\t\t\t\t\t<\/div>\n\t\t<\/div>\n\t\t\t\t<div class=\"elementor-column elementor-col-50 elementor-inner-column elementor-element elementor-element-2796aaa\" data-id=\"2796aaa\" data-element_type=\"column\">\n\t\t\t<div class=\"elementor-widget-wrap elementor-element-populated\">\n\t\t\t\t\t\t\t\t<div class=\"elementor-element elementor-element-2836695 elementor-invisible elementor-widget elementor-widget-pix-feature\" data-id=\"2836695\" data-element_type=\"widget\" data-widget_type=\"pix-feature.default\">\n\t\t\t\t<div class=\"elementor-widget-container\">\n\t\t\t<div id=\"duo-icon-99744384\" class=\"media \"><div class=\"feature_img  mr-3 animate-in\" data-anim-type=\"fade-in-up\" data-anim-delay=\"200\" style=\"width:60px;height:auto;display:inline-block;position:relative;\"><img decoding=\"async\" style=\"width:60px;height:60px;\" class=\"img-fluid2 pix-fit-cover \" src=\"https:\/\/smartbrands.com.pe\/webinar\/wp-content\/uploads\/2024\/02\/instagram-en-vivo.png\" alt=\"Conversatorio en vivo\"><\/div><div class=\"media-body text-left\"><h6 class=\"font-weight-bold   text-white animate-in \" style=\"padding-top:0px;\" data-anim-type=\"fade-in-up\" data-anim-delay=\"300\">Conversatorio en vivo<\/h6><div class=\"text-body-default text-xs     animate-in\" style=\"padding-top:10px;\" data-anim-type=\"fade-in-up\" data-anim-delay=\"400\"><\/div><\/div><\/div>\t\t<\/div>\n\t\t\t\t<\/div>\n\t\t\t\t\t<\/div>\n\t\t<\/div>\n\t\t\t\t\t\t\t<\/div>\n\t\t<\/section>\n\t\t\t\t<section class=\"elementor-section elementor-inner-section elementor-element elementor-element-33da6a6 elementor-section-boxed elementor-section-height-default elementor-section-height-default\" data-id=\"33da6a6\" data-element_type=\"section\">\n\t\t\t\t\t\t<div class=\"elementor-container elementor-column-gap-default\">\n\t\t\t\t\t<div class=\"elementor-column elementor-col-100 elementor-inner-column elementor-element elementor-element-6d9540f\" data-id=\"6d9540f\" data-element_type=\"column\">\n\t\t\t<div class=\"elementor-widget-wrap elementor-element-populated\">\n\t\t\t\t\t\t\t\t<div class=\"elementor-element elementor-element-6e78c1f elementor-widget elementor-widget-pix-highlighted-text\" data-id=\"6e78c1f\" data-element_type=\"widget\" data-widget_type=\"pix-highlighted-text.default\">\n\t\t\t\t<div class=\"elementor-widget-container\">\n\t\t\t<div id=\"highlighted-text-55927604\" class=\"pix-highlighted-element text-left \"><h5 class=\"pix-highlighted-items \" style=\"\" data-anim-type=\"\" data-anim-delay=\"\"><span id=\"highlighted-text-55927604-0\" class=\"pix-highlight-bg align-middle2   elementor-repeater-item-510ff41 highlighted-text-55927604-0 animate-in\" data-anim-type=\"highlight-grow\" data-anim-delay=\"200\"><span class=\"pix-highlighted-text  pix-highlight-item font-weight-normal  font-weight-bold heading-font text-white\">\u00bfDe qu\u00e9 hablaremos?<\/span><\/span><\/h5><\/div>\t\t<\/div>\n\t\t\t\t<\/div>\n\t\t\t\t<div class=\"elementor-element elementor-element-b4227e2 elementor-invisible elementor-widget elementor-widget-pix-feature\" data-id=\"b4227e2\" data-element_type=\"widget\" data-widget_type=\"pix-feature.default\">\n\t\t\t\t<div class=\"elementor-widget-container\">\n\t\t\t<div id=\"duo-icon-57985343\" class=\"media \"><div class=\"feature_img  mr-3 animate-in\" data-anim-type=\"fade-in-up\" data-anim-delay=\"200\" style=\"width:32px;height:auto;display:inline-block;position:relative;\"><img decoding=\"async\" style=\"width:32px;height:32px;\" class=\"img-fluid2 pix-fit-cover rounded-circle\" src=\"https:\/\/smartbrands.com.pe\/webinar\/wp-content\/uploads\/2023\/02\/CHECK-BLANCO.png\" alt=\"\u00bfEl podcast est\u00e1 reemplazando la radio?\"><\/div><div class=\"media-body text-left\"><h6 class=\"   text-white animate-in \" style=\"padding-top:0px;\" data-anim-type=\"fade-in-up\" data-anim-delay=\"300\">\u00bfEl podcast est\u00e1 reemplazando la radio?<\/h6><div class=\"text-white text-sm     animate-in\" style=\"padding-top:1px;\" data-anim-type=\"fade-in-up\" data-anim-delay=\"400\">Analizaremos el caso de Radio Oasis y el cierre definitivo de la emisora dedicada al rock de los 80 y 90 en una era donde los podcast toman cada vez m\u00e1s relevancia.<\/div><\/div><\/div>\t\t<\/div>\n\t\t\t\t<\/div>\n\t\t\t\t<div class=\"elementor-element elementor-element-c1b0041 elementor-invisible elementor-widget elementor-widget-pix-feature\" data-id=\"c1b0041\" data-element_type=\"widget\" data-widget_type=\"pix-feature.default\">\n\t\t\t\t<div class=\"elementor-widget-container\">\n\t\t\t<div id=\"duo-icon-56305479\" class=\"media \"><div class=\"feature_img  mr-3 animate-in\" data-anim-type=\"fade-in-up\" data-anim-delay=\"200\" style=\"width:32px;height:auto;display:inline-block;position:relative;\"><img decoding=\"async\" style=\"width:32px;height:32px;\" class=\"img-fluid2 pix-fit-cover rounded-circle\" src=\"https:\/\/smartbrands.com.pe\/webinar\/wp-content\/uploads\/2023\/02\/CHECK-BLANCO.png\" alt=\" La adaptaci\u00f3n de los medios tradicionales a la digitalizaci\u00f3n.\"><\/div><div class=\"media-body text-left\"><h6 class=\"   text-white animate-in \" style=\"padding-top:0px;\" data-anim-type=\"fade-in-up\" data-anim-delay=\"300\"> La adaptaci\u00f3n de los medios tradicionales a la digitalizaci\u00f3n.<\/h6><div class=\"text-white text-sm     animate-in\" style=\"padding-top:1px;\" data-anim-type=\"fade-in-up\" data-anim-delay=\"400\">Analizaremos y veremos ejemplos de c\u00f3mo los medios tradicionales est\u00e1n migrando hacia plataformas digitales para conservar y expandir su audiencia.<\/div><\/div><\/div>\t\t<\/div>\n\t\t\t\t<\/div>\n\t\t\t\t<div class=\"elementor-element elementor-element-ef11a9c elementor-invisible elementor-widget elementor-widget-pix-feature\" data-id=\"ef11a9c\" data-element_type=\"widget\" data-widget_type=\"pix-feature.default\">\n\t\t\t\t<div class=\"elementor-widget-container\">\n\t\t\t<div id=\"duo-icon-23357091\" class=\"media \"><div class=\"feature_img  mr-3 animate-in\" data-anim-type=\"fade-in-up\" data-anim-delay=\"200\" style=\"width:32px;height:auto;display:inline-block;position:relative;\"><img decoding=\"async\" style=\"width:32px;height:32px;\" class=\"img-fluid2 pix-fit-cover rounded-circle\" src=\"https:\/\/smartbrands.com.pe\/webinar\/wp-content\/uploads\/2023\/02\/CHECK-BLANCO.png\" alt=\"Presupuesto ATL Vs. Presupuesto Digital.\"><\/div><div class=\"media-body text-left\"><h6 class=\"   text-white animate-in \" style=\"padding-top:0px;\" data-anim-type=\"fade-in-up\" data-anim-delay=\"300\">Presupuesto ATL Vs. Presupuesto Digital.<\/h6><div class=\"text-white text-sm     animate-in\" style=\"padding-top:1px;\" data-anim-type=\"fade-in-up\" data-anim-delay=\"400\">Compararemos el impacto y la efectividad del presupuesto destinado a medios tradicionales con el enfoque digital, analizando c\u00f3mo la distribuci\u00f3n estrat\u00e9gica de cada uno aporta al logro de\u00a0tus\u00a0objetivos.<\/div><\/div><\/div>\t\t<\/div>\n\t\t\t\t<\/div>\n\t\t\t\t\t<\/div>\n\t\t<\/div>\n\t\t\t\t\t\t\t<\/div>\n\t\t<\/section>\n\t\t\t\t\t<\/div>\n\t\t<\/div>\n\t\t\t\t<div class=\"elementor-column elementor-col-50 elementor-top-column elementor-element elementor-element-2f27bd9\" data-id=\"2f27bd9\" data-element_type=\"column\">\n\t\t\t<div class=\"elementor-widget-wrap elementor-element-populated\">\n\t\t\t\t\t\t\t\t<div class=\"elementor-element elementor-element-2371d8e elementor-widget__width-initial elementor-widget elementor-widget-html\" data-id=\"2371d8e\" data-element_type=\"widget\" data-widget_type=\"html.default\">\n\t\t\t\t<div class=\"elementor-widget-container\">\n\t\t\t<iframe loading=\"lazy\" width=\"540\" height=\"1005\" src=\"https:\/\/810bc197.sibforms.com\/serve\/MUIFAJ6ISyJl0md_Hn1wGfNk4244uPU16uPyzPyHkgdcBxdcuiAAoJBYCwjHxq_wifhjZqOZwjB50lrm2BN__DMqmwx1oG0k751LQ1hji5fyYPT-vECaCESbHLKhqFHPXTX_JRNFvM98x-dibR-a-LYNNHRJbu668PK2j2KdR7ZxB6fgpeEw5oHlRb0m4f1TEwP1LMCPjUzhVdIa\" frameborder=\"0\" scrolling=\"auto\" allowfullscreen style=\"display: block;margin-left: auto;margin-right: auto;max-width: 100%;\"><\/iframe>\t\t<\/div>\n\t\t\t\t<\/div>\n\t\t\t\t\t<\/div>\n\t\t<\/div>\n\t\t\t\t\t\t\t<\/div>\n\t\t<\/section>\n\t\t\t\t\t\t\t<\/div>\n\t\t","protected":false},"excerpt":{"rendered":"<p>\u00bfSe&#32; viene&#32; el&#32; fin&#32; de&#32; la&#32; publicidad&#32; tradicional?&#32; \u00danete a nosotros en un conversatorio donde exploraremos el futuro de la publicidad tradicional en un mundo cada vez m\u00e1s digitalizado. Abordaremos temas cruciales y de contexto actual para entender los cambios&#8230;<\/p>\n","protected":false},"author":1,"featured_media":0,"parent":0,"menu_order":0,"comment_status":"closed","ping_status":"closed","template":"","meta":{"footnotes":""},"class_list":["post-14120","page","type-page","status-publish","hentry"],"yoast_head":"<!-- This site is optimized with the Yoast SEO plugin v22.1 - https:\/\/yoast.com\/wordpress\/plugins\/seo\/ -->\n<title>Conversatorio: \u00bfSe viene el fin de la publicidad tradicional?<\/title>\n<meta name=\"description\" content=\"\u00danete a nosotros en un conversatorio donde exploraremos el futuro de la publicidad tradicional en un mundo cada vez m\u00e1s digitalizado. Abordaremos temas cruciales y de contexto actual para entender los cambios en el panorama publicitario en un entorno multicanal.\" \/>\n<meta name=\"robots\" content=\"index, follow, max-snippet:-1, max-image-preview:large, max-video-preview:-1\" \/>\n<link rel=\"canonical\" href=\"https:\/\/smartbrands.com.pe\/webinar\/conversatorio-se-viene-el-fin-de-la-publicidad-tradicional\/\" \/>\n<meta property=\"og:locale\" content=\"es_ES\" \/>\n<meta property=\"og:type\" content=\"article\" \/>\n<meta property=\"og:title\" content=\"Conversatorio: \u00bfSe viene el fin de la publicidad tradicional?\" \/>\n<meta property=\"og:description\" content=\"\u00danete a nosotros en un conversatorio donde exploraremos el futuro de la publicidad tradicional en un mundo cada vez m\u00e1s digitalizado.\" \/>\n<meta property=\"og:url\" content=\"https:\/\/smartbrands.com.pe\/webinar\/conversatorio-se-viene-el-fin-de-la-publicidad-tradicional\/\" \/>\n<meta property=\"og:site_name\" content=\"Webinar\" \/>\n<meta property=\"article:modified_time\" content=\"2024-02-06T16:43:55+00:00\" \/>\n<meta property=\"og:image\" content=\"https:\/\/smartbrands.com.pe\/webinar\/wp-content\/uploads\/2024\/02\/podcast.jpg\" \/>\n\t<meta property=\"og:image:width\" content=\"420\" \/>\n\t<meta property=\"og:image:height\" content=\"420\" \/>\n\t<meta property=\"og:image:type\" content=\"image\/jpeg\" \/>\n<meta name=\"twitter:card\" content=\"summary_large_image\" \/>\n<meta name=\"twitter:label1\" content=\"Tiempo de lectura\" \/>\n\t<meta name=\"twitter:data1\" content=\"2 minutos\" \/>\n<script type=\"application\/ld+json\" class=\"yoast-schema-graph\">{\"@context\":\"https:\/\/schema.org\",\"@graph\":[{\"@type\":\"WebPage\",\"@id\":\"https:\/\/smartbrands.com.pe\/webinar\/conversatorio-se-viene-el-fin-de-la-publicidad-tradicional\/\",\"url\":\"https:\/\/smartbrands.com.pe\/webinar\/conversatorio-se-viene-el-fin-de-la-publicidad-tradicional\/\",\"name\":\"Conversatorio: \u00bfSe viene el fin de la publicidad tradicional?\",\"isPartOf\":{\"@id\":\"https:\/\/smartbrands.com.pe\/webinar\/#website\"},\"datePublished\":\"2024-02-02T20:58:27+00:00\",\"dateModified\":\"2024-02-06T16:43:55+00:00\",\"description\":\"\u00danete a nosotros en un conversatorio donde exploraremos el futuro de la publicidad tradicional en un mundo cada vez m\u00e1s digitalizado. Abordaremos temas cruciales y de contexto actual para entender los cambios en el panorama publicitario en un entorno multicanal.\",\"breadcrumb\":{\"@id\":\"https:\/\/smartbrands.com.pe\/webinar\/conversatorio-se-viene-el-fin-de-la-publicidad-tradicional\/#breadcrumb\"},\"inLanguage\":\"es\",\"potentialAction\":[{\"@type\":\"ReadAction\",\"target\":[\"https:\/\/smartbrands.com.pe\/webinar\/conversatorio-se-viene-el-fin-de-la-publicidad-tradicional\/\"]}]},{\"@type\":\"BreadcrumbList\",\"@id\":\"https:\/\/smartbrands.com.pe\/webinar\/conversatorio-se-viene-el-fin-de-la-publicidad-tradicional\/#breadcrumb\",\"itemListElement\":[{\"@type\":\"ListItem\",\"position\":1,\"name\":\"Portada\",\"item\":\"https:\/\/smartbrands.com.pe\/webinar\/\"},{\"@type\":\"ListItem\",\"position\":2,\"name\":\"Conversatorio: \u00bfSe viene el fin de la publicidad tradicional?\"}]},{\"@type\":\"WebSite\",\"@id\":\"https:\/\/smartbrands.com.pe\/webinar\/#website\",\"url\":\"https:\/\/smartbrands.com.pe\/webinar\/\",\"name\":\"Webinar\",\"description\":\"SmartBrands\",\"potentialAction\":[{\"@type\":\"SearchAction\",\"target\":{\"@type\":\"EntryPoint\",\"urlTemplate\":\"https:\/\/smartbrands.com.pe\/webinar\/?s={search_term_string}\"},\"query-input\":\"required name=search_term_string\"}],\"inLanguage\":\"es\"}]}<\/script>\n<!-- \/ Yoast SEO plugin. -->","yoast_head_json":{"title":"Conversatorio: \u00bfSe viene el fin de la publicidad tradicional?","description":"\u00danete a nosotros en un conversatorio donde exploraremos el futuro de la publicidad tradicional en un mundo cada vez m\u00e1s digitalizado. Abordaremos temas cruciales y de contexto actual para entender los cambios en el panorama publicitario en un entorno multicanal.","robots":{"index":"index","follow":"follow","max-snippet":"max-snippet:-1","max-image-preview":"max-image-preview:large","max-video-preview":"max-video-preview:-1"},"canonical":"https:\/\/smartbrands.com.pe\/webinar\/conversatorio-se-viene-el-fin-de-la-publicidad-tradicional\/","og_locale":"es_ES","og_type":"article","og_title":"Conversatorio: \u00bfSe viene el fin de la publicidad tradicional?","og_description":"\u00danete a nosotros en un conversatorio donde exploraremos el futuro de la publicidad tradicional en un mundo cada vez m\u00e1s digitalizado.","og_url":"https:\/\/smartbrands.com.pe\/webinar\/conversatorio-se-viene-el-fin-de-la-publicidad-tradicional\/","og_site_name":"Webinar","article_modified_time":"2024-02-06T16:43:55+00:00","og_image":[{"width":420,"height":420,"url":"https:\/\/smartbrands.com.pe\/webinar\/wp-content\/uploads\/2024\/02\/podcast.jpg","type":"image\/jpeg"}],"twitter_card":"summary_large_image","twitter_misc":{"Tiempo de lectura":"2 minutos"},"schema":{"@context":"https:\/\/schema.org","@graph":[{"@type":"WebPage","@id":"https:\/\/smartbrands.com.pe\/webinar\/conversatorio-se-viene-el-fin-de-la-publicidad-tradicional\/","url":"https:\/\/smartbrands.com.pe\/webinar\/conversatorio-se-viene-el-fin-de-la-publicidad-tradicional\/","name":"Conversatorio: \u00bfSe viene el fin de la publicidad tradicional?","isPartOf":{"@id":"https:\/\/smartbrands.com.pe\/webinar\/#website"},"datePublished":"2024-02-02T20:58:27+00:00","dateModified":"2024-02-06T16:43:55+00:00","description":"\u00danete a nosotros en un conversatorio donde exploraremos el futuro de la publicidad tradicional en un mundo cada vez m\u00e1s digitalizado. Abordaremos temas cruciales y de contexto actual para entender los cambios en el panorama publicitario en un entorno multicanal.","breadcrumb":{"@id":"https:\/\/smartbrands.com.pe\/webinar\/conversatorio-se-viene-el-fin-de-la-publicidad-tradicional\/#breadcrumb"},"inLanguage":"es","potentialAction":[{"@type":"ReadAction","target":["https:\/\/smartbrands.com.pe\/webinar\/conversatorio-se-viene-el-fin-de-la-publicidad-tradicional\/"]}]},{"@type":"BreadcrumbList","@id":"https:\/\/smartbrands.com.pe\/webinar\/conversatorio-se-viene-el-fin-de-la-publicidad-tradicional\/#breadcrumb","itemListElement":[{"@type":"ListItem","position":1,"name":"Portada","item":"https:\/\/smartbrands.com.pe\/webinar\/"},{"@type":"ListItem","position":2,"name":"Conversatorio: \u00bfSe viene el fin de la publicidad tradicional?"}]},{"@type":"WebSite","@id":"https:\/\/smartbrands.com.pe\/webinar\/#website","url":"https:\/\/smartbrands.com.pe\/webinar\/","name":"Webinar","description":"SmartBrands","potentialAction":[{"@type":"SearchAction","target":{"@type":"EntryPoint","urlTemplate":"https:\/\/smartbrands.com.pe\/webinar\/?s={search_term_string}"},"query-input":"required name=search_term_string"}],"inLanguage":"es"}]}},"_links":{"self":[{"href":"https:\/\/smartbrands.com.pe\/webinar\/wp-json\/wp\/v2\/pages\/14120","targetHints":{"allow":["GET"]}}],"collection":[{"href":"https:\/\/smartbrands.com.pe\/webinar\/wp-json\/wp\/v2\/pages"}],"about":[{"href":"https:\/\/smartbrands.com.pe\/webinar\/wp-json\/wp\/v2\/types\/page"}],"author":[{"embeddable":true,"href":"https:\/\/smartbrands.com.pe\/webinar\/wp-json\/wp\/v2\/users\/1"}],"replies":[{"embeddable":true,"href":"https:\/\/smartbrands.com.pe\/webinar\/wp-json\/wp\/v2\/comments?post=14120"}],"version-history":[{"count":23,"href":"https:\/\/smartbrands.com.pe\/webinar\/wp-json\/wp\/v2\/pages\/14120\/revisions"}],"predecessor-version":[{"id":14185,"href":"https:\/\/smartbrands.com.pe\/webinar\/wp-json\/wp\/v2\/pages\/14120\/revisions\/14185"}],"wp:attachment":[{"href":"https:\/\/smartbrands.com.pe\/webinar\/wp-json\/wp\/v2\/media?parent=14120"}],"curies":[{"name":"wp","href":"https:\/\/api.w.org\/{rel}","templated":true}]}}